{"id":1048,"date":"2019-02-22T11:50:49","date_gmt":"2019-02-22T10:50:49","guid":{"rendered":"https:\/\/zjazd2019.pedagog.uw.edu.pl\/?page_id=1048"},"modified":"2019-02-22T11:50:49","modified_gmt":"2019-02-22T10:50:49","slug":"zaufanie-i-wspolnotowosc-w-pracy-nauczycieli","status":"publish","type":"page","link":"http:\/\/zjazd2019.pedagog.uw.edu.pl\/index.php\/zaufanie-i-wspolnotowosc-w-pracy-nauczycieli\/","title":{"rendered":"Sympozjum specjalne: Zaufanie i wsp\u00f3lnotowo\u015b\u0107 w pracy nauczycieli"},"content":{"rendered":"<span itemprop=\"description\"><p class=\"western\"><span style=\"font-family: Times New Roman, serif;\"><span style=\"font-size: medium;\"><b>Sympozjum: <\/b><\/span><\/span><\/p>\n<p class=\"western\"><span style=\"font-family: Times New Roman, serif;\"><span style=\"font-size: medium;\"><b>Zaufanie i wsp\u00f3lnotowo\u015b\u0107 w pracy nauczycieli<\/b><\/span><\/span><\/p>\n<p align=\"justify\"><span style=\"font-family: Times New Roman, serif;\"><span style=\"font-size: medium;\">Szanowni Pa\u0144stwo,<\/span><\/span><\/p>\n<p align=\"justify\"><span style=\"font-family: Times New Roman, serif;\"><span style=\"font-size: medium;\">Pragniemy w ramach X Zjazdu Polskiego Towarzystwa Pedagogicznego <\/span><\/span><span style=\"font-family: Times New Roman, serif;\"><span style=\"font-size: medium;\"><i>Pedagogika i edukacja wobec kryzysu zaufania, wsp\u00f3lnotowo\u015bci i autonomii<\/i><\/span><\/span><span style=\"font-family: Times New Roman, serif;\"><span style=\"font-size: medium;\"> zaprosi\u0107 Pa\u0144stwa do szczeg\u00f3lnego zatrzymania si\u0119 oraz przedyskutowania wynik\u00f3w bada\u0144 oscyluj\u0105cych wok\u00f3\u0142 trzech kategorii: <\/span><\/span><span style=\"font-family: Times New Roman, serif;\"><span style=\"font-size: medium;\"><b>Praca \u2013 Wsp\u00f3lnota &#8211; Zaufanie<\/b><\/span><\/span><span style=\"font-family: Times New Roman, serif;\"><span style=\"font-size: medium;\">. We wsp\u00f3\u0142czesnym \u015bwiecie coraz cz\u0119\u015bciej obserwowalne s\u0105 skutki wielorakich proces\u00f3w obejmuj\u0105cych zmiany ekonomiczne, polityczne, technologiczne i kulturowe. Jednym z nich jest zanik roli miejsca pracy. Przejawia si\u0119 to mi\u0119dzy innymi w zakresie jego rozumienia w kontek\u015bcie identyfikacji z nim, co przek\u0142ada si\u0119 na relacje z lud\u017ami, sens i znaczenie pracy, czy to\u017csamo\u015b\u0107 zawodow\u0105. Brak identyfikacji z miejscem pracy generuje negatywne konsekwencje, jak np. brak zaanga\u017cowania, brak motywacji do pracy, brak poczucia wsp\u00f3lnotowo\u015bci czy przynale\u017cno\u015bci do grupy zawodowej. Ponadto pozbawia cz\u0142owieka mo\u017cliwo\u015bci tworzenia, budowania relacji, wi\u0119zi, zaufania i wsp\u00f3\u0142pracy. Niezwykle wa\u017cna z perspektywy my\u015blenia o miejscu pracy, jest \u201eprzestrze\u0144 mi\u0119dzyludzka\u201d (za: Sztompka, Kapita\u0142 spo\u0142eczny, 2016, s. 28), bowiem decyduje o \u017cyciowych satysfakcjach i dobrym funkcjonowaniu cz\u0142owieka w grupie spo\u0142ecznej. Jest ona ukonstytuowana przez r\u00f3\u017cne relacje, za\u015b fundamentem umo\u017cliwiaj\u0105cym jej budowanie jest zaufanie. Zaufanie jest podstaw\u0105 stabilno\u015bci relacji spo\u0142ecznych. Uwzgl\u0119dniaj\u0105c powy\u017csze, og\u00f3lne przes\u0142anki pragniemy w\u0142\u0105czy\u0107 si\u0119 w g\u0142\u00f3wny nurt dyskusji, koncentruj\u0105c si\u0119 w spos\u00f3b szczeg\u00f3lny na kategorii zaufania, jako podstawowej warto\u015bci na kt\u00f3rej budowana jest wsp\u00f3lnota oraz poczucie przynale\u017cno\u015bci do miejsca pracy. W odniesieniu do bada\u0144 prowadzonych na temat zaufania w miejscu pracy nauczycieli wszystkich typ\u00f3w szk\u00f3\u0142 (w tym szk\u00f3\u0142 wy\u017cszych) zapraszamy do poszukiwania w ramach sympozjum odpowiedzi na pytanie: <\/span><\/span><\/p>\n<p align=\"justify\"><span style=\"font-family: Times New Roman, serif;\"><span style=\"font-size: medium;\"><i><b>Jak zaufanie i wsp\u00f3lnota kreuj\u0105 prac\u0119 nauczyciela? <\/b><\/i><\/span><\/span><\/p>\n<p class=\"western\" align=\"justify\"><span style=\"font-family: Times New Roman, serif;\"><span style=\"font-size: medium;\">W organizacj\u0119 sympozjum zaanga\u017cowane s\u0105 trzy o\u015brodki akademickie, prowadz\u0105ce wsp\u00f3lnie badania na temat zaufania nauczycieli w miejscu pracy, reprezentowane przez inicjatorki bada\u0144:<\/span><\/span><\/p>\n<p class=\"western\" align=\"justify\"><span style=\"font-family: Times New Roman, serif;\"><span style=\"font-size: medium;\">Uniwersytet Szczeci\u0144ski \u2013 prof. zw. dr hab. Maria Czerepaniak-Walczak<\/span><\/span><\/p>\n<p class=\"western\" align=\"justify\"><span style=\"font-family: Times New Roman, serif;\"><span style=\"font-size: medium;\">Uniwersytet Pedagogiczny w Krakowie \u2013 dr hab. Joanna M. \u0141ukasik, prof. UP<\/span><\/span><\/p>\n<p class=\"western\" align=\"justify\"><span style=\"font-family: Times New Roman, serif;\"><span style=\"font-size: medium;\">Uniwersytet Zielonog\u00f3rski &#8211; dr hab. Inetta Nowosad., prof. UZ<\/span><\/span><\/p>\n<p class=\"western\" align=\"justify\"><span style=\"font-family: Times New Roman, serif;\"><span style=\"font-size: medium;\">Osoby zainteresowane udzia\u0142em w sympozjum w razie jakichkolwiek pyta\u0144 zapraszamy do kontaktu mailowego: <\/span><\/span><span style=\"color: #0000ff;\"><u><a class=\"western\" href=\"mailto:miejsce.pracy.zaufanie@gmail.com\"><span style=\"font-family: Times New Roman, serif;\"><span style=\"font-size: medium;\">miejsce.pracy.zaufanie@gmail.com<\/span><\/span><\/a><\/u><\/span><\/p>\n<p class=\"western\" align=\"justify\"><span style=\"font-family: Times New Roman, serif;\"><span style=\"font-size: medium;\">Z nadziej\u0105 na owocne dyskusje i z serdecznym zaproszeniem,<\/span><\/span><\/p>\n<p class=\"western\" style=\"padding-left: 210px;\" align=\"justify\"><span style=\"font-family: Times New Roman, serif;\"><span style=\"font-size: medium;\"> Maria Czerepaniak-Walczak<\/span><\/span><\/p>\n<p class=\"western\" style=\"padding-left: 210px;\" align=\"justify\"><span style=\"font-family: Times New Roman, serif;\"><span style=\"font-size: medium;\">Joanna M. \u0141ukasik<\/span><\/span><\/p>\n<p class=\"western\" style=\"padding-left: 210px;\" align=\"justify\"><span style=\"font-family: Times New Roman, serif;\"><span style=\"font-size: medium;\">Inetta Nowosad <\/span><\/span><\/p>\n<p style=\"padding-left: 210px;\">\n<p class=\"western\">\n<span>","protected":false},"excerpt":{"rendered":"<p class=\"excerpt\"><span itemprop=\"description\">Sympozjum: Zaufanie i wsp\u00f3lnotowo\u015b\u0107 w pracy nauczycieli Szanowni Pa\u0144stwo, Pragniemy w ramach X Zjazdu Polskiego Towarzystwa Pedagogicznego Pedagogika i edukacja wobec kryzysu zaufania, wsp\u00f3lnotowo\u015bci i autonomii zaprosi\u0107 Pa\u0144stwa do szczeg\u00f3lnego zatrzymania si\u0119 oraz przedyskutowania wynik\u00f3w bada\u0144 oscyluj\u0105cych wok\u00f3\u0142 trzech kategorii: Praca \u2013 Wsp\u00f3lnota &#8211; Zaufanie.&hellip;<\/span><\/p>\n<p class=\"more-link-p btn-align-right\"><a class=\"blue zoom-btn\" href=\"http:\/\/zjazd2019.pedagog.uw.edu.pl\/index.php\/zaufanie-i-wspolnotowosc-w-pracy-nauczycieli\/\">Read More<\/a><\/p>\n","protected":false},"author":1,"featured_media":0,"parent":0,"menu_order":0,"comment_status":"closed","ping_status":"closed","template":"","meta":[],"_links":{"self":[{"href":"http:\/\/zjazd2019.pedagog.uw.edu.pl\/index.php\/wp-json\/wp\/v2\/pages\/1048"}],"collection":[{"href":"http:\/\/zjazd2019.pedagog.uw.edu.pl\/index.php\/wp-json\/wp\/v2\/pages"}],"about":[{"href":"http:\/\/zjazd2019.pedagog.uw.edu.pl\/index.php\/wp-json\/wp\/v2\/types\/page"}],"author":[{"embeddable":true,"href":"http:\/\/zjazd2019.pedagog.uw.edu.pl\/index.php\/wp-json\/wp\/v2\/users\/1"}],"replies":[{"embeddable":true,"href":"http:\/\/zjazd2019.pedagog.uw.edu.pl\/index.php\/wp-json\/wp\/v2\/comments?post=1048"}],"version-history":[{"count":1,"href":"http:\/\/zjazd2019.pedagog.uw.edu.pl\/index.php\/wp-json\/wp\/v2\/pages\/1048\/revisions"}],"predecessor-version":[{"id":1049,"href":"http:\/\/zjazd2019.pedagog.uw.edu.pl\/index.php\/wp-json\/wp\/v2\/pages\/1048\/revisions\/1049"}],"wp:attachment":[{"href":"http:\/\/zjazd2019.pedagog.uw.edu.pl\/index.php\/wp-json\/wp\/v2\/media?parent=1048"}],"curies":[{"name":"wp","href":"https:\/\/api.w.org\/{rel}","templated":true}]}}