{"id":40,"date":"2018-02-03T12:14:59","date_gmt":"2018-02-03T11:14:59","guid":{"rendered":"http:\/\/zjazd2019.pedagog.uw.edu.pl\/?page_id=40"},"modified":"2019-08-30T15:33:28","modified_gmt":"2019-08-30T13:33:28","slug":"ramowy-program-zjazdu","status":"publish","type":"page","link":"http:\/\/zjazd2019.pedagog.uw.edu.pl\/index.php\/program\/ramowy-program-zjazdu\/","title":{"rendered":"Ramowy Program Zjazdu"},"content":{"rendered":"<span itemprop=\"description\"><p style=\"text-align: right;\" align=\"center\"><a href=\"http:\/\/zjazd2019.pedagog.uw.edu.pl\/wp-content\/uploads\/2019\/08\/1-program-ramowy.pdf\">Program ramowy [PDF]<\/a><\/p>\n<p style=\"text-align: right;\" align=\"center\"><a href=\"http:\/\/zjazd2019.pedagog.uw.edu.pl\/wp-content\/uploads\/2019\/08\/Miejsce-obrad-tabela.pdf\">Miejsce obrad- tabela [PDF]<\/a><\/p>\n<p class=\"western\" align=\"center\"><span style=\"color: #000000;\"><span style=\"font-family: Helvetica, serif;\"><span style=\"font-size: medium;\"><b>X OG\u00d3LNOPOLSKI ZJAZD PEDAGOGICZNY<\/b><\/span><\/span><\/span><\/p>\n<p class=\"western\" align=\"center\"><span style=\"color: #000000;\"><span style=\"font-family: Helvetica, serif;\"><span style=\"font-size: medium;\"><b>Warszawa, 18 \u2013 20 wrze\u015bnia 2019 r.<\/b><\/span><\/span><\/span><\/p>\n<table width=\"624\" cellspacing=\"0\" cellpadding=\"5\">\n<colgroup>\n<col width=\"216\" \/>\n<col width=\"188\" \/>\n<col width=\"187\" \/> <\/colgroup>\n<tbody>\n<tr>\n<td style=\"background: #eeeeee;\" bgcolor=\"#eeeeee\" width=\"216\">\n<p class=\"western\"><span style=\"font-family: Times New Roman, serif;\"><span style=\"font-size: medium;\">Akademia M\u0142odych Naukowc\u00f3w <\/span><\/span><\/p>\n<\/td>\n<td style=\"background: #eeeeee;\" bgcolor=\"#eeeeee\" width=\"188\">\n<p class=\"western\"><span style=\"font-family: Times New Roman, serif;\"><span style=\"font-size: medium;\">17 wrze\u015bnia 2019<\/span><\/span><\/p>\n<\/td>\n<td style=\"background: #eeeeee;\" bgcolor=\"#eeeeee\" width=\"187\">\n<p class=\"western\"><span style=\"font-family: Times New Roman, serif;\"><span style=\"font-size: medium;\">wtorek 8:30 \u2013 18:15<\/span><\/span><\/p>\n<\/td>\n<\/tr>\n<tr>\n<td style=\"background: #eeeeee;\" bgcolor=\"#eeeeee\" width=\"216\">\n<p class=\"western\"><span style=\"font-family: Times New Roman, serif;\"><span style=\"font-size: medium;\">X Og\u00f3lnopolski<br \/>\n<\/span><\/span><span style=\"font-family: Times New Roman, serif;\"><span style=\"font-size: medium;\">Zjazd Pedagogiczny<\/span><\/span><\/p>\n<\/td>\n<td style=\"background: #eeeeee;\" bgcolor=\"#eeeeee\" width=\"188\">\n<p class=\"western\"><span style=\"font-family: Times New Roman, serif;\"><span style=\"font-size: medium;\">18 &#8211; 20 wrze\u015bnia 2019<\/span><\/span><\/p>\n<\/td>\n<td style=\"background: #eeeeee;\" bgcolor=\"#eeeeee\" width=\"187\">\n<p class=\"western\"><span style=\"font-family: Times New Roman, serif;\"><span style=\"font-size: medium;\">\u015broda 14:00 &#8211; pi\u0105tek 14:30<\/span><\/span><\/p>\n<\/td>\n<\/tr>\n<\/tbody>\n<\/table>\n<p class=\"western\" align=\"center\"><span style=\"color: #000000;\"><span style=\"font-family: Helvetica, serif;\"><span style=\"font-size: medium;\"><b>RAMOWY PROGRAM ZJAZDU <\/b><\/span><\/span><\/span><\/p>\n<div class=\"su-tabs su-tabs-style-default su-tabs-mobile-stack\" data-active=\"2\" data-scroll-offset=\"0\"><div class=\"su-tabs-nav\"><span class=\"\" data-url=\"\" data-target=\"blank\" tabindex=\"0\" role=\"button\">Akademia M\u0142odych Naukowc\u00f3w<\/span><span class=\"\" data-url=\"\" data-target=\"blank\" tabindex=\"0\" role=\"button\">X Og\u00f3lnopolski Zjazd Pedagogiczny<\/span><\/div><div class=\"su-tabs-panes\"><div class=\"su-tabs-pane su-u-clearfix su-u-trim\" data-title=\"Akademia M\u0142odych Naukowc\u00f3w\">\n<h4>Akademia M\u0142odych Naukowc\u00f3w<\/h4>\n<div data-post-id='2039' class='insert-page insert-page-2039 '><span itemprop=\"description\"><p style=\"text-align: right;\" align=\"center\"><strong>Do pobrania <a href=\"http:\/\/zjazd2019.pedagog.uw.edu.pl\/wp-content\/uploads\/2019\/08\/Program-POL.pdf\">PL<\/a> | <a href=\"http:\/\/zjazd2019.pedagog.uw.edu.pl\/wp-content\/uploads\/2019\/08\/Program-ENG.pdf\">EN<\/a><\/strong><\/p>\n<p align=\"center\"><span style=\"font-family: Times New Roman, serif;\"><span style=\"font-size: medium;\"><strong>Akademia Pedagogiki Specjalnej im. Marii Grzegorzewskiej, Warszawa <\/strong><\/span><\/span><\/p>\n<p align=\"center\"><span style=\"font-family: Times New Roman, serif;\"><span style=\"font-size: medium;\"><strong>Wtorek, 17 wrze\u015bnia 2019 r.<\/strong><\/span><\/span><\/p>\n<p>8.30\u201311.30 Rejestracja uczestnik\u00f3w<\/p>\n<p>9.00-9.30 Uroczyste otwarcie:<\/p>\n<p>9.30\u201311.00 Wyk\u0142ady plenarne:<\/p>\n<p align=\"justify\">Prof. dr hab., dr\u00a0 h. c. multi Bogus\u0142aw \u015aliwerski, Uniwersytet \u0141\u00f3dzki, <i>O dojrza\u0142o\u015bci i pasji m\u0142odego badacza <\/i><\/p>\n<div><i> <\/i><span lang=\"en-US\">Prof. dr hab., dr h. c. multi Ingrid Gogolin, University of Hamburg<\/span><i><span lang=\"en-US\">, <\/span><span lang=\"en-US\">Publishing<\/span> <span lang=\"en-US\">internationally<\/span><\/i><\/div>\n<div><\/div>\n<div>11.00-11.30 przerwa kawowa<\/div>\n<p align=\"justify\">11.30-13.00 Wyst\u0105pienia prelegent\u00f3w ze Szko\u0142y UNESCO: Sekcje I &#8211; II<\/p>\n<p>11.30-13.00 Wyst\u0105pienia w sekcjach tematycznych w j\u0119zyku polskim: Sekcja I<\/p>\n<p>13.00-14.00 Obiad<\/p>\n<p>14.00-15.30 Warsztat metodologiczny i z zakresu pisarstwa naukowego<\/p>\n<p><span lang=\"en-GB\">Prof. Conor Galvin, University College Dublin, <\/span><span lang=\"en-GB\">Warsztaty metodologiczne<\/span><\/p>\n<p>14.00-15.30 Wyst\u0105pienia w sekcjach tematycznych w j\u0119zyku polskim: Sekcje II-III<\/p>\n<p align=\"justify\">15.30-15.45 przerwa kawowa<\/p>\n<p>15.45-17.15 Warsztaty metodologiczne i z zakresu pisarstwa naukowego<\/p>\n<p><span lang=\"en-GB\">15.45-17.15 Prof. Conor Galvin, University College Dublin, <\/span><span lang=\"en-GB\">Warsztaty metodologiczne<\/span><\/p>\n<p>15.45-17.15 dr hab. Grzegorz Szumski, Uniwersytet Warszawski, Czy istnieje zwi\u0105zek mi\u0119dzy jako\u015bci\u0105 bada\u0144 naukowych a bibliometryczn\u0105 warto\u015bci\u0105 czasopism &#8211; studium przypadku.<\/p>\n<p>17.15-18.00 Wyk\u0142ad plenarny<\/p>\n<p>Prof. zw. dr hab. Miros\u0142awa Nowak-Dziemianowicz, Uniwersytet Opolski, Narracja i biografia jako droga do rozumienia cz\u0142owieka i jego spo\u0142ecznego \u015bwiata<\/p>\n<p>18:00-18.15 \u2013 Zamkni\u0119cie Akademii<\/p>\n<p>18.15 \u2013 Uroczysta kolacja<\/p>\n<span><\/div>\n<\/div>\n<div class=\"su-tabs-pane su-u-clearfix su-u-trim\" data-title=\"X Og\u00f3lnopolski Zjazd Pedagogiczny\">\n<p class=\"western\"><div data-post-id='2093' class='insert-page insert-page-2093 '><span itemprop=\"description\"><h4>X Og\u00f3lnopolski Zjazd Pedagogiczny<\/h4>\n<table width=\"631\" cellspacing=\"0\" cellpadding=\"1\">\n<colgroup>\n<col width=\"109\" \/>\n<col width=\"93\" \/>\n<col width=\"111\" \/>\n<col width=\"74\" \/>\n<col width=\"234\" \/> <\/colgroup>\n<tbody>\n<tr>\n<td style=\"background: #dbe5f1;\" colspan=\"5\" valign=\"top\" bgcolor=\"#dbe5f1\" width=\"629\">\n<p align=\"center\"><span style=\"font-family: Times New Roman, serif;\"><b>18 wrze\u015bnia 2019 (\u015broda<\/b><\/span><span style=\"font-family: Times New Roman, serif;\">)<\/span><\/p>\n<\/td>\n<\/tr>\n<tr valign=\"top\">\n<td width=\"109\">\n<p align=\"center\"><span style=\"font-family: Times New Roman, serif;\">11.00\u201314.00<\/span><\/p>\n<\/td>\n<td colspan=\"3\" width=\"282\"><span style=\"font-family: Times New Roman, serif;\">Rejestracja uczestnik\u00f3w <\/span><\/td>\n<td rowspan=\"6\" width=\"234\">\n<p align=\"right\"><span style=\"font-family: Times New Roman, serif;\"><b>Uniwersytet Warszawski Audytorium Maximum<\/b><\/span><\/p>\n<p align=\"right\"><span style=\"font-family: Times New Roman, serif;\"><b>ul. Krakowskie Przedmie\u015bcie 26\/28<\/b><\/span><\/p>\n<\/td>\n<\/tr>\n<tr valign=\"top\">\n<td width=\"109\">\n<p align=\"center\"><span style=\"font-family: Times New Roman, serif;\">14.00\u201315.00<\/span><\/p>\n<\/td>\n<td colspan=\"3\" width=\"282\"><span style=\"font-family: Times New Roman, serif;\">Uroczyste otwarcie <\/span><\/td>\n<\/tr>\n<tr valign=\"top\">\n<td width=\"109\">\n<p align=\"center\"><span style=\"font-family: Times New Roman, serif;\">15.00\u201315.30<\/span><\/p>\n<\/td>\n<td colspan=\"3\" width=\"282\"><span style=\"font-family: Times New Roman, serif;\">Wr\u0119czenie medali i wyr\u00f3\u017cnie\u0144 PTP<\/span><\/td>\n<\/tr>\n<tr valign=\"top\">\n<td width=\"109\">\n<p align=\"center\"><span style=\"font-family: Times New Roman, serif;\">15.30\u201316.30<\/span><\/p>\n<\/td>\n<td colspan=\"3\" width=\"282\">\n<p align=\"justify\"><span style=\"font-family: Times New Roman, serif;\">Wyk\u0142ady Jubileuszowe<\/span><\/p>\n<\/td>\n<\/tr>\n<tr valign=\"top\">\n<td width=\"109\">\n<p align=\"center\"><span style=\"font-family: Times New Roman, serif;\">16.30\u201317.00<\/span><\/p>\n<\/td>\n<td colspan=\"3\" width=\"282\">\n<p align=\"justify\"><span style=\"font-family: Times New Roman, serif;\">Przerwa kawowa<\/span><\/p>\n<\/td>\n<\/tr>\n<tr valign=\"top\">\n<td width=\"109\" height=\"26\">\n<p align=\"center\"><span style=\"font-family: Times New Roman, serif;\">17.00\u201318.00<\/span><\/p>\n<\/td>\n<td colspan=\"3\" width=\"282\">\n<p align=\"justify\"><span style=\"font-family: Times New Roman, serif;\">Spektakl <\/span><span style=\"font-family: Times New Roman, serif;\">teatralny: <\/span><span style=\"font-family: Times New Roman, serif;\"><i>\u201eMury I i Mury II\u201d <\/i><\/span><\/p>\n<\/td>\n<\/tr>\n<tr valign=\"top\">\n<td width=\"109\">\n<p align=\"center\"><span style=\"font-family: Times New Roman, serif;\">19.00<\/span><span style=\"font-family: Times New Roman, serif;\"><b>\u2013<\/b><\/span><span style=\"font-family: Times New Roman, serif;\">21.00<\/span><\/p>\n<\/td>\n<td colspan=\"3\" width=\"282\"><span style=\"font-family: Times New Roman, serif;\">Kolacja powitalna <\/span><\/td>\n<td width=\"234\">\n<p align=\"right\"><span style=\"font-family: Times New Roman, serif;\"><b>Pa\u0142ac Kultury i Nauki, Plac Defilad 1<\/b><\/span><\/p>\n<p align=\"right\"><span style=\"font-family: Times New Roman, serif;\"><b>Sala im M.Sk\u0142odowskiej-Curie <\/b><\/span><\/p>\n<p align=\"right\"><span style=\"font-family: Times New Roman, serif;\"><span style=\"font-size: small;\"><b>(IV pi\u0119tro)<\/b><\/span><\/span><\/p>\n<\/td>\n<\/tr>\n<tr>\n<td style=\"background: #dbe5f1;\" colspan=\"5\" valign=\"top\" bgcolor=\"#dbe5f1\" width=\"629\">\n<p align=\"center\"><span style=\"font-family: Times New Roman, serif;\"><b>19 wrze\u015bnia 2019 (czwartek<\/b><\/span><span style=\"font-family: Times New Roman, serif;\">)<\/span><\/p>\n<\/td>\n<\/tr>\n<tr valign=\"top\">\n<td width=\"109\">\n<p align=\"center\"><span style=\"font-family: Times New Roman, serif;\">9.00\u201310.30<\/span><\/p>\n<\/td>\n<td colspan=\"2\" width=\"206\"><span style=\"font-family: Times New Roman, serif;\">Wyk\u0142ady plenarne<\/span><\/p>\n<p><span style=\"font-family: Times New Roman, serif;\">Sesje r\u00f3wnoleg\u0142e: WP1 i WP2<\/span><\/td>\n<td width=\"74\"><\/td>\n<td rowspan=\"3\" width=\"234\">\n<p align=\"right\"><span style=\"font-family: Times New Roman, serif;\"><b>Akademia Pedagogiki Specjalnej<\/b><\/span><\/p>\n<p align=\"right\"><span style=\"font-family: Times New Roman, serif;\"><b>im Marii Grzegorzewskiej <\/b><\/span><\/p>\n<p align=\"right\"><span style=\"font-family: Times New Roman, serif;\"><b>ul Szcz\u0119\u015bliwicka 40<\/b><\/span><\/p>\n<\/td>\n<\/tr>\n<tr valign=\"top\">\n<td width=\"109\" height=\"8\"><\/td>\n<td width=\"93\"><span style=\"font-family: Times New Roman, serif;\">Sesja WP1:<\/span><\/td>\n<td colspan=\"2\" width=\"187\"><span style=\"font-family: Times New Roman, serif;\">Budynek C (parter), Aula: A <\/span><\/td>\n<\/tr>\n<tr valign=\"top\">\n<td width=\"109\"><\/td>\n<td width=\"93\">\n<p align=\"justify\"><span style=\"font-family: Times New Roman, serif;\">Sesja WP2:<\/span><\/p>\n<\/td>\n<td colspan=\"2\" width=\"187\">\n<p align=\"justify\"><span style=\"font-family: Times New Roman, serif;\">Budynek C (parter), Aula B <\/span><\/p>\n<\/td>\n<\/tr>\n<tr valign=\"top\">\n<td width=\"109\">\n<p align=\"center\"><span style=\"font-family: Times New Roman, serif;\">10.30\u201311.00<\/span><\/p>\n<\/td>\n<td colspan=\"3\" width=\"282\"><span style=\"font-family: Times New Roman, serif;\">Przerwa kawowa<\/span><\/td>\n<td width=\"234\"><\/td>\n<\/tr>\n<tr valign=\"top\">\n<td width=\"109\">\n<p align=\"center\"><span style=\"font-family: Times New Roman, serif;\">11.00\u201313.00<\/span><\/p>\n<\/td>\n<td colspan=\"3\" width=\"282\"><span style=\"font-family: Times New Roman, serif;\">Obrady w sekcjach i sympozjach specjalnych<\/span><\/td>\n<td width=\"234\"><span style=\"font-family: Times New Roman, serif;\">Budynki: A i C<\/span><\/td>\n<\/tr>\n<tr valign=\"top\">\n<td width=\"109\">\n<p align=\"center\"><span style=\"font-family: Times New Roman, serif;\">13.00\u201314.30<\/span><\/p>\n<\/td>\n<td colspan=\"3\" width=\"282\"><span style=\"font-family: Times New Roman, serif;\">Obiad<\/span><\/td>\n<td width=\"234\"><span style=\"font-family: Times New Roman, serif;\">Parter budynku A i C<\/span><\/td>\n<\/tr>\n<tr valign=\"top\">\n<td width=\"109\">\n<p align=\"center\"><span style=\"font-family: Times New Roman, serif;\">14.30\u201316.00<\/span><\/p>\n<\/td>\n<td colspan=\"3\" width=\"282\"><span style=\"font-family: Times New Roman, serif;\">Obrady w sekcjach i sympozjach specjalnych<\/span><\/td>\n<td width=\"234\"><span style=\"font-family: Times New Roman, serif;\">Budynki: A i C<\/span><\/td>\n<\/tr>\n<tr valign=\"top\">\n<td width=\"109\">\n<p align=\"center\"><span style=\"font-family: Times New Roman, serif;\">16.00\u201316.30<\/span><\/p>\n<\/td>\n<td colspan=\"3\" width=\"282\"><span style=\"font-family: Times New Roman, serif;\">Przerwa kawowa<\/span><\/td>\n<td width=\"234\"><\/td>\n<\/tr>\n<tr valign=\"top\">\n<td width=\"109\">\n<p align=\"center\"><span style=\"font-family: Times New Roman, serif;\">16.30\u201318.00<\/span><\/p>\n<\/td>\n<td colspan=\"3\" width=\"282\"><span style=\"font-family: Times New Roman, serif;\">Obrady w sekcjach i sympozjach specjalnych<\/span><\/td>\n<td width=\"234\"><span style=\"font-family: Times New Roman, serif;\">Budynki: A i C<\/span><\/td>\n<\/tr>\n<tr valign=\"top\">\n<td width=\"109\">\n<p align=\"center\"><span style=\"font-family: Times New Roman, serif;\">18.00\u201318.15<\/span><\/p>\n<\/td>\n<td colspan=\"3\" width=\"282\"><span style=\"font-family: Times New Roman, serif;\">Przerwa kawowa<\/span><\/td>\n<td width=\"234\"><\/td>\n<\/tr>\n<tr valign=\"top\">\n<td width=\"109\">\n<p align=\"center\"><span style=\"font-family: Times New Roman, serif;\">18.15\u201319.30<\/span><\/p>\n<\/td>\n<td colspan=\"3\" width=\"282\"><span style=\"font-family: Times New Roman, serif;\"><span style=\"font-size: small;\">Interaktywne sesje posterowe<\/span><\/span><\/td>\n<td width=\"234\"><span style=\"font-family: Times New Roman, serif;\">Budynek C, Hol I pi\u0119tro<\/span><\/p>\n<p><span style=\"font-family: Times New Roman, serif;\">przed Aul\u0105 im. J. Korczaka <\/span><\/td>\n<\/tr>\n<tr valign=\"top\">\n<td width=\"109\">\n<p align=\"center\"><span style=\"font-family: Times New Roman, serif;\">20.00\u201323.00<\/span><\/p>\n<\/td>\n<td colspan=\"3\" width=\"282\"><span style=\"font-family: Times New Roman, serif;\"><span style=\"font-size: small;\">Uroczysta kolacja<\/span><\/span><\/td>\n<td width=\"234\">\n<p align=\"right\"><span style=\"font-family: Times New Roman, serif;\"><b>Airport Hotel Ok\u0119cie <\/b><\/span><\/p>\n<p align=\"right\"><span style=\"font-family: Times New Roman, serif;\"><span style=\"font-size: small;\"><b>ul. <\/b><\/span><\/span><span style=\"font-family: Times New Roman, serif;\"><b>Komitetu Obrony Robotnik\u00f3w<\/b><\/span><span style=\"font-family: Times New Roman, serif;\"><span style=\"font-size: small;\"><b> 24<\/b><\/span><\/span><\/p>\n<p align=\"right\"><span style=\"font-family: Times New Roman, serif;\"><span style=\"font-size: small;\"><b>wej\u015bcie &#8211;\u00a0cz\u0119\u015b\u0107 konferencyjna budynku<\/b><\/span><\/span><\/p>\n<\/td>\n<\/tr>\n<tr>\n<td style=\"background: #dbe5f1;\" colspan=\"5\" valign=\"top\" bgcolor=\"#dbe5f1\" width=\"629\">\n<p align=\"center\"><span style=\"font-family: Times New Roman, serif;\"><b>20 wrze\u015bnia 2019 (pi\u0105tek)<\/b><\/span><\/p>\n<\/td>\n<\/tr>\n<tr valign=\"top\">\n<td width=\"109\">\n<p align=\"center\"><span style=\"font-family: Times New Roman, serif;\">9.00\u201310.30<\/span><\/p>\n<\/td>\n<td colspan=\"2\" width=\"206\"><span style=\"font-family: Times New Roman, serif;\">Wyk\u0142ady plenarne<\/span><\/p>\n<p><span style=\"font-family: Times New Roman, serif;\">Sesje r\u00f3wnoleg\u0142e: WP1 i WP2<\/span><\/td>\n<td width=\"74\"><\/td>\n<td rowspan=\"3\" width=\"234\">\n<p align=\"right\"><span style=\"font-family: Times New Roman, serif;\"><b>Akademia Pedagogiki Specjalnej <\/b><\/span><\/p>\n<p align=\"right\"><span style=\"font-family: Times New Roman, serif;\"><b>im Marii Grzegorzewskiej <\/b><\/span><\/p>\n<p align=\"right\"><span style=\"font-family: Times New Roman, serif;\"><b>ul Szcz\u0119\u015bliwicka 40<\/b><\/span><\/p>\n<\/td>\n<\/tr>\n<tr valign=\"top\">\n<td width=\"109\" height=\"8\"><\/td>\n<td width=\"93\"><span style=\"font-family: Times New Roman, serif;\">Sesja WP1<\/span><\/td>\n<td colspan=\"2\" width=\"187\"><span style=\"font-family: Times New Roman, serif;\">Budynek C (parter), Aula: A <\/span><\/td>\n<\/tr>\n<tr valign=\"top\">\n<td width=\"109\"><\/td>\n<td width=\"93\">\n<p align=\"justify\"><span style=\"font-family: Times New Roman, serif;\">Sesja WP2<\/span><\/p>\n<\/td>\n<td colspan=\"2\" width=\"187\">\n<p align=\"justify\"><span style=\"font-family: Times New Roman, serif;\">Budynek C(parter), Aula B <\/span><\/p>\n<\/td>\n<\/tr>\n<tr valign=\"top\">\n<td width=\"109\">\n<p align=\"center\"><span style=\"font-family: Times New Roman, serif;\">10.30\u201311.00<\/span><\/p>\n<\/td>\n<td colspan=\"4\" width=\"518\"><span style=\"font-family: Times New Roman, serif;\">Przerwa kawowa<\/span><\/td>\n<\/tr>\n<tr valign=\"top\">\n<td width=\"109\">\n<p align=\"center\"><span style=\"font-family: Times New Roman, serif;\">11.00\u201313.00<\/span><\/p>\n<\/td>\n<td colspan=\"3\" width=\"282\"><span style=\"font-family: Times New Roman, serif;\">Obrady w sekcjach i sympozjach specjalnych<\/span><\/td>\n<td width=\"234\"><span style=\"font-family: Times New Roman, serif;\">Budynki: A i C<\/span><\/td>\n<\/tr>\n<tr valign=\"top\">\n<td width=\"109\">\n<p align=\"center\"><span style=\"font-family: Times New Roman, serif;\">13.15\u201314.15<\/span><\/p>\n<\/td>\n<td colspan=\"3\" width=\"282\"><span style=\"font-family: Times New Roman, serif;\">Podsumowanie i zako\u0144czenie <\/span><\/p>\n<p><span style=\"font-family: Times New Roman, serif;\">X Og\u00f3lnopolskiego Zjazdu Pedagogicznego<\/span><\/td>\n<td width=\"234\"><span style=\"font-family: Times New Roman, serif;\">Budynek: C <\/span><\/p>\n<p><span style=\"font-family: Times New Roman, serif;\">Aula im Janusza Korczaka (I pi\u0119tro)<\/span><\/td>\n<\/tr>\n<tr valign=\"top\">\n<td width=\"109\">\n<p align=\"center\"><span style=\"font-family: Times New Roman, serif;\">14.30\u201315.30<\/span><\/p>\n<\/td>\n<td colspan=\"3\" width=\"282\"><span style=\"font-family: Times New Roman, serif;\">Obiad<\/span><\/td>\n<td width=\"234\"><span style=\"font-family: Times New Roman, serif;\">Parter budynku A i C<\/span><\/td>\n<\/tr>\n<\/tbody>\n<\/table>\n<p class=\"western\">\n<span><\/div>\n<\/div><\/div><\/div>\n<span>","protected":false},"excerpt":{"rendered":"<p class=\"excerpt\"><span itemprop=\"description\">Program ramowy [PDF] Miejsce obrad- tabela [PDF] X OG\u00d3LNOPOLSKI ZJAZD PEDAGOGICZNY Warszawa, 18 \u2013 20 wrze\u015bnia 2019 r. Akademia M\u0142odych Naukowc\u00f3w 17 wrze\u015bnia 2019 wtorek 8:30 \u2013 18:15 X Og\u00f3lnopolski Zjazd Pedagogiczny 18 &#8211; 20 wrze\u015bnia 2019 \u015broda 14:00 &#8211; pi\u0105tek 14:30 RAMOWY PROGRAM ZJAZDU<\/span><\/p>\n<p class=\"more-link-p btn-align-right\"><a class=\"blue zoom-btn\" href=\"http:\/\/zjazd2019.pedagog.uw.edu.pl\/index.php\/program\/x-ogolnopolski-zjazd-pedagogiczny-ramowy-program-wydarzenia\/\">Read More<\/a><\/p>\n","protected":false},"author":1,"featured_media":33,"parent":32,"menu_order":0,"comment_status":"closed","ping_status":"closed","template":"","meta":[],"_links":{"self":[{"href":"http:\/\/zjazd2019.pedagog.uw.edu.pl\/index.php\/wp-json\/wp\/v2\/pages\/40"}],"collection":[{"href":"http:\/\/zjazd2019.pedagog.uw.edu.pl\/index.php\/wp-json\/wp\/v2\/pages"}],"about":[{"href":"http:\/\/zjazd2019.pedagog.uw.edu.pl\/index.php\/wp-json\/wp\/v2\/types\/page"}],"author":[{"embeddable":true,"href":"http:\/\/zjazd2019.pedagog.uw.edu.pl\/index.php\/wp-json\/wp\/v2\/users\/1"}],"replies":[{"embeddable":true,"href":"http:\/\/zjazd2019.pedagog.uw.edu.pl\/index.php\/wp-json\/wp\/v2\/comments?post=40"}],"version-history":[{"count":25,"href":"http:\/\/zjazd2019.pedagog.uw.edu.pl\/index.php\/wp-json\/wp\/v2\/pages\/40\/revisions"}],"predecessor-version":[{"id":2307,"href":"http:\/\/zjazd2019.pedagog.uw.edu.pl\/index.php\/wp-json\/wp\/v2\/pages\/40\/revisions\/2307"}],"up":[{"embeddable":true,"href":"http:\/\/zjazd2019.pedagog.uw.edu.pl\/index.php\/wp-json\/wp\/v2\/pages\/32"}],"wp:featuredmedia":[{"embeddable":true,"href":"http:\/\/zjazd2019.pedagog.uw.edu.pl\/index.php\/wp-json\/wp\/v2\/media\/33"}],"wp:attachment":[{"href":"http:\/\/zjazd2019.pedagog.uw.edu.pl\/index.php\/wp-json\/wp\/v2\/media?parent=40"}],"curies":[{"name":"wp","href":"https:\/\/api.w.org\/{rel}","templated":true}]}}